{"id":23794,"date":"2025-08-08T05:31:40","date_gmt":"2025-08-08T02:31:40","guid":{"rendered":"https:\/\/trustton.com\/accessibilite\/"},"modified":"2025-09-04T16:44:31","modified_gmt":"2025-09-04T13:44:31","slug":"accessibilite","status":"publish","type":"page","link":"https:\/\/trustton.com\/fr\/accessibilite\/","title":{"rendered":"Accessibilit\u00e9"},"content":{"rendered":"\t\t<div data-elementor-type=\"wp-page\" data-elementor-id=\"23794\" class=\"elementor elementor-23794 elementor-22491\" data-elementor-post-type=\"page\">\n\t\t\t\t<div class=\"elementor-element elementor-element-fc64d80 e-flex e-con-boxed e-con e-parent\" data-id=\"fc64d80\" data-element_type=\"container\">\n\t\t\t\t\t<div class=\"e-con-inner\">\n\t\t\t\t<div class=\"elementor-element elementor-element-5c69504 elementor-widget elementor-widget-heading\" data-id=\"5c69504\" data-element_type=\"widget\" data-widget_type=\"heading.default\">\n\t\t\t\t\t<h2 class=\"elementor-heading-title elementor-size-default\">D\u00e9claration d\u2019accessibilit\u00e9<\/h2>\t\t\t\t<\/div>\n\t\t\t\t<div class=\"elementor-element elementor-element-cfce43b elementor-widget elementor-widget-text-editor\" data-id=\"cfce43b\" data-element_type=\"widget\" data-widget_type=\"text-editor.default\">\n\t\t\t\t\t\t\t\t\tTrustton Group est responsable de la cr\u00e9ation et de l\u2019exploitation du site internet <a href=\"https:\/\/trustton.com\/fr\/\">https:\/\/trustton.com<\/a>.<br>Nous accordons une grande importance \u00e0 la fourniture d\u2019un service \u00e9gal \u00e0 tous les citoyens et \u00e0 l\u2019am\u00e9lioration des services propos\u00e9s aux personnes en situation de handicap.<br>Nous investissons des ressources importantes afin de rendre notre site et nos actifs num\u00e9riques accessibles, pour que les services de l\u2019entreprise soient disponibles \u00e0 un plus grand nombre de personnes handicap\u00e9es.<br><br>En Isra\u00ebl, environ 20 % de la population sont des personnes en situation de handicap ayant besoin d\u2019accessibilit\u00e9 num\u00e9rique pour acc\u00e9der aux informations g\u00e9n\u00e9rales et aux services.<br>L\u2019accessibilit\u00e9 du site de Trustton Group vise \u00e0 le rendre plus disponible, plus convivial et plus facile d\u2019utilisation pour les publics ayant des besoins sp\u00e9cifiques, d\u00e9coulant notamment de handicaps moteurs, de troubles cognitifs, de d\u00e9ficiences visuelles, de c\u00e9cit\u00e9 ou de daltonisme, de d\u00e9ficiences auditives, ainsi que pour les personnes \u00e2g\u00e9es.<br><br>L\u2019accessibilit\u00e9 de ce site a \u00e9t\u00e9 r\u00e9alis\u00e9e par la soci\u00e9t\u00e9 sp\u00e9cialis\u00e9e en accessibilit\u00e9 num\u00e9rique \u00ab Vee Web Accessibility \u00bb.<br><br><strong>Niveau d\u2019accessibilit\u00e9 du site \u2013 AA<\/strong><br>La soci\u00e9t\u00e9 \u00ab Vee \u00bb a adapt\u00e9 l\u2019accessibilit\u00e9 du site aux navigateurs courants et, autant que possible, \u00e0 l\u2019utilisation sur t\u00e9l\u00e9phone mobile. Les tests ont \u00e9t\u00e9 effectu\u00e9s avec des lecteurs d\u2019\u00e9cran tels que JAWS et NVDA.<br><br>Le site est conforme aux exigences du R\u00e8glement isra\u00e9lien sur l\u2019\u00e9galit\u00e9 des droits des personnes handicap\u00e9es 5568 (2013), niveau AA, et applique \u00e9galement les recommandations des directives WCAG 2.2 du W3C.<br><ul>\r\n \t<li>En h\u00e9breu : Directives pour l\u2019accessibilit\u00e9 des contenus internet<\/li>\r\n \t<li>En anglais : Web Content Accessibility Guidelines (WCAG) 2.0<\/li>\r\n<\/ul><br>L\u2019accessibilit\u00e9 du site a \u00e9t\u00e9 mise en \u0153uvre conform\u00e9ment aux directives de l\u2019Autorit\u00e9 isra\u00e9lienne des TIC pour l\u2019accessibilit\u00e9 des applications web dans les navigateurs internet.<br><h3>Comment activer le mode accessibilit\u00e9 ?<\/h3><br>Une ic\u00f4ne d\u2019accessibilit\u00e9 est plac\u00e9e sur le site (g\u00e9n\u00e9ralement sur le c\u00f4t\u00e9 de l\u2019\u00e9cran). Un clic sur cette ic\u00f4ne ouvre le menu d\u2019accessibilit\u00e9. Apr\u00e8s avoir choisi la fonction souhait\u00e9e, veuillez attendre le rechargement de la page et la mise \u00e0 jour de l\u2019affichage, si n\u00e9cessaire.<br><br>Pour annuler une action, cliquez simplement une seconde fois sur la m\u00eame fonction du menu. Dans tous les cas, vous pouvez r\u00e9initialiser les param\u00e8tres d\u2019accessibilit\u00e9.<br><br>Le logiciel fonctionne sur les navigateurs populaires : Chrome, Firefox, Safari et Opera (sous r\u00e9serve des conditions des fabricants). Pour une meilleure exp\u00e9rience d\u2019accessibilit\u00e9, nous recommandons d\u2019utiliser Chrome en mode accessibilit\u00e9.<br><br>Le site fournit une structure s\u00e9mantique adapt\u00e9e aux technologies d\u2019assistance et prend en charge la navigation au clavier avec les touches fl\u00e9ch\u00e9es, Entr\u00e9e et \u00c9chap pour quitter les menus et fen\u00eatres contextuelles.<br><br>Pour la meilleure exp\u00e9rience de navigation avec un lecteur d\u2019\u00e9cran, nous recommandons d\u2019utiliser la derni\u00e8re version de NVDA.<br><h3>Ajustements et adaptations r\u00e9alis\u00e9s sur le site :<\/h3><br><ul>\r\n \t<li>Compatibilit\u00e9 avec les lecteurs d\u2019\u00e9cran (NVDA, JAWS)<\/li>\r\n \t<li>Outils de navigation simples et clairs<\/li>\r\n \t<li>Contenus r\u00e9dig\u00e9s de fa\u00e7on claire, structur\u00e9e et hi\u00e9rarchis\u00e9e<\/li>\r\n \t<li>Compatibilit\u00e9 avec les navigateurs modernes<\/li>\r\n \t<li>Adaptation aux diff\u00e9rents \u00e9crans et r\u00e9solutions<\/li>\r\n \t<li>Structure coh\u00e9rente sur toutes les pages (H1\/H2\/H3, etc.)<\/li>\r\n \t<li>Texte alternatif (alt) pour toutes les images<\/li>\r\n<\/ul><br><h3>Fonctionnalit\u00e9s du logiciel d\u2019accessibilit\u00e9 :<\/h3><br><ul>\r\n \t<li>Compatibilit\u00e9 lecteurs d\u2019\u00e9cran (NVDA, JAWS)<\/li>\r\n \t<li>Arr\u00eat des animations et \u00e9l\u00e9ments clignotants<\/li>\r\n \t<li>Acc\u00e8s direct au contenu (saut du menu principal)<\/li>\r\n \t<li>Navigation au clavier<\/li>\r\n \t<li>Augmentation \/ diminution de la taille du texte<\/li>\r\n \t<li>Ajustement des espacements (lettres \/ mots \/ lignes)<\/li>\r\n \t<li>R\u00e9glages de contraste et couleurs (\u00e9lev\u00e9, invers\u00e9, noir et blanc)<\/li>\r\n \t<li>Police lisible<\/li>\r\n \t<li>Mise en \u00e9vidence des liens<\/li>\r\n \t<li>Guide de lecture<\/li>\r\n \t<li>Modification de l\u2019ic\u00f4ne du curseur de la souris<\/li>\r\n \t<li>Descriptions des images<\/li>\r\n<\/ul><br><h3>Limitations<\/h3><br>Il est important de noter que malgr\u00e9 tous nos efforts pour rendre l\u2019ensemble des pages et fonctionnalit\u00e9s accessibles, certaines parties peuvent ne pas l\u2019\u00eatre encore totalement ou n\u00e9cessiter des am\u00e9liorations.<br><br>Nous poursuivons sans cesse notre travail d\u2019optimisation de l\u2019accessibilit\u00e9 de notre site, dans le cadre de notre engagement \u00e0 permettre \u00e0 toute personne, y compris les personnes handicap\u00e9es, de l\u2019utiliser.<br><h3>Accessibilit\u00e9 du site physique de l\u2019entreprise :<\/h3><br><ul>\r\n \t<li>Parking handicap\u00e9s \u2013 Disponible \/ Non disponible<\/li>\r\n \t<li>Entr\u00e9e accessible en fauteuil roulant \u2013 Disponible \/ Non disponible<\/li>\r\n \t<li>Toilettes accessibles \u2013 Disponibles \/ Non disponibles<\/li>\r\n \t<li>Ascenseurs \u2013 Disponibles \/ Rez-de-chauss\u00e9e<\/li>\r\n<\/ul><br><h3>Contact \u2013 Accessibilit\u00e9<\/h3><br>Si vous rencontrez un probl\u00e8me d\u2019accessibilit\u00e9 sur notre site, nous serons heureux de recevoir vos remarques et demandes en contactant notre coordinateur accessibilit\u00e9.<br>Pour nous aider \u00e0 traiter le probl\u00e8me de la meilleure mani\u00e8re possible, nous vous recommandons de pr\u00e9ciser un maximum de d\u00e9tails :<br><ul>\r\n \t<li>Description du probl\u00e8me<\/li>\r\n \t<li>Action tent\u00e9e<\/li>\r\n \t<li>Lien vers la page concern\u00e9e<\/li>\r\n \t<li>Type et version du navigateur<\/li>\r\n \t<li>Syst\u00e8me d\u2019exploitation<\/li>\r\n \t<li>Type de technologie d\u2019assistance utilis\u00e9e (si applicable)<\/li>\r\n<\/ul><br>Trustton Group s\u2019engage \u00e0 rendre son site le plus accessible possible et \u00e0 r\u00e9pondre aux demandes de mani\u00e8re professionnelle et rapide.<br><br><strong>Coordinateur accessibilit\u00e9 :<\/strong><br>Yehonathan Lugassy<br>\ud83d\udcde 050-6931615<br>\u2709\ufe0f <a href=\"mailto:office@trustton.com\">office@trustton.com<\/a><br><br><strong>Date de mise \u00e0 jour de la d\u00e9claration d\u2019accessibilit\u00e9 : 10-07-2025<\/strong>\t\t\t\t\t\t\t\t<\/div>\n\t\t\t\t\t<\/div>\n\t\t\t\t<\/div>\n\t\t\t\t<\/div>\n\t\t","protected":false},"excerpt":{"rendered":"<p>D\u00e9claration d\u2019accessibilit\u00e9 Trustton Group est responsable de la cr\u00e9ation et de l\u2019exploitation du site internet https:\/\/trustton.com.Nous accordons une grande importance \u00e0 la fourniture d\u2019un service \u00e9gal \u00e0 tous les citoyens et \u00e0 l\u2019am\u00e9lioration des services propos\u00e9s aux personnes en situation de handicap.Nous investissons des ressources importantes afin de rendre notre site et nos actifs num\u00e9riques [&hellip;]<\/p>\n","protected":false},"author":1,"featured_media":0,"parent":0,"menu_order":0,"comment_status":"closed","ping_status":"closed","template":"elementor_header_footer","meta":{"footnotes":""},"class_list":["post-23794","page","type-page","status-publish","hentry"],"yoast_head":"<!-- This site is optimized with the Yoast SEO plugin v26.3 - https:\/\/yoast.com\/wordpress\/plugins\/seo\/ -->\n<title>Accessibilit\u00e9 - \u05e7\u05d1\u05d5\u05e6\u05ea \u05d8\u05e8\u05e1\u05d8\u05d5\u05df<\/title>\n<meta name=\"robots\" content=\"index, follow, max-snippet:-1, max-image-preview:large, max-video-preview:-1\" \/>\n<link rel=\"canonical\" href=\"https:\/\/trustton.com\/fr\/accessibilite\/\" \/>\n<meta property=\"og:locale\" content=\"fr_FR\" \/>\n<meta property=\"og:type\" content=\"article\" \/>\n<meta property=\"og:title\" content=\"Accessibilit\u00e9 - \u05e7\u05d1\u05d5\u05e6\u05ea \u05d8\u05e8\u05e1\u05d8\u05d5\u05df\" \/>\n<meta property=\"og:description\" content=\"D\u00e9claration d\u2019accessibilit\u00e9 Trustton Group est responsable de la cr\u00e9ation et de l\u2019exploitation du site internet https:\/\/trustton.com.Nous accordons une grande importance \u00e0 la fourniture d\u2019un service \u00e9gal \u00e0 tous les citoyens et \u00e0 l\u2019am\u00e9lioration des services propos\u00e9s aux personnes en situation de handicap.Nous investissons des ressources importantes afin de rendre notre site et nos actifs num\u00e9riques [&hellip;]\" \/>\n<meta property=\"og:url\" content=\"https:\/\/trustton.com\/fr\/accessibilite\/\" \/>\n<meta property=\"og:site_name\" content=\"\u05e7\u05d1\u05d5\u05e6\u05ea \u05d8\u05e8\u05e1\u05d8\u05d5\u05df\" \/>\n<meta property=\"article:publisher\" content=\"https:\/\/www.facebook.com\/trusttongroup\/\" \/>\n<meta property=\"article:modified_time\" content=\"2025-09-04T13:44:31+00:00\" \/>\n<meta property=\"og:image\" content=\"https:\/\/trustton.com\/wp-content\/uploads\/2025\/08\/\u05dc\u05d5\u05d2\u05d5-\u05e2\u05d1\u05e8\u05d9\u05ea-\u05e9\u05e7\u05d5\u05e3-e1750353833901.png\" \/>\n\t<meta property=\"og:image:width\" content=\"1390\" \/>\n\t<meta property=\"og:image:height\" content=\"1990\" \/>\n\t<meta property=\"og:image:type\" content=\"image\/png\" \/>\n<meta name=\"twitter:card\" content=\"summary_large_image\" \/>\n<meta name=\"twitter:label1\" content=\"Dur\u00e9e de lecture estim\u00e9e\" \/>\n\t<meta name=\"twitter:data1\" content=\"4 minutes\" \/>\n<script type=\"application\/ld+json\" class=\"yoast-schema-graph\">{\"@context\":\"https:\/\/schema.org\",\"@graph\":[{\"@type\":\"WebPage\",\"@id\":\"https:\/\/trustton.com\/fr\/accessibilite\/\",\"url\":\"https:\/\/trustton.com\/fr\/accessibilite\/\",\"name\":\"Accessibilit\u00e9 - \u05e7\u05d1\u05d5\u05e6\u05ea \u05d8\u05e8\u05e1\u05d8\u05d5\u05df\",\"isPartOf\":{\"@id\":\"https:\/\/trustton.com\/fr\/#website\"},\"datePublished\":\"2025-08-08T02:31:40+00:00\",\"dateModified\":\"2025-09-04T13:44:31+00:00\",\"breadcrumb\":{\"@id\":\"https:\/\/trustton.com\/fr\/accessibilite\/#breadcrumb\"},\"inLanguage\":\"fr-FR\",\"potentialAction\":[{\"@type\":\"ReadAction\",\"target\":[\"https:\/\/trustton.com\/fr\/accessibilite\/\"]}]},{\"@type\":\"BreadcrumbList\",\"@id\":\"https:\/\/trustton.com\/fr\/accessibilite\/#breadcrumb\",\"itemListElement\":[{\"@type\":\"ListItem\",\"position\":1,\"name\":\"Home\",\"item\":\"https:\/\/trustton.com\/fr\/\"},{\"@type\":\"ListItem\",\"position\":2,\"name\":\"Accessibilit\u00e9\"}]},{\"@type\":\"WebSite\",\"@id\":\"https:\/\/trustton.com\/fr\/#website\",\"url\":\"https:\/\/trustton.com\/fr\/\",\"name\":\"\u05e7\u05d1\u05d5\u05e6\u05ea \u05d8\u05e8\u05e1\u05d8\u05d5\u05df\",\"description\":\"\u05db\u05e9\u05d4\u05d9\u05d9\u05d8\u05e7 \u05d5\u05e0\u05d3\u05dc&quot;\u05df \u05e0\u05e4\u05d2\u05e9\u05d9\u05dd\",\"publisher\":{\"@id\":\"https:\/\/trustton.com\/fr\/#organization\"},\"potentialAction\":[{\"@type\":\"SearchAction\",\"target\":{\"@type\":\"EntryPoint\",\"urlTemplate\":\"https:\/\/trustton.com\/fr\/?s={search_term_string}\"},\"query-input\":{\"@type\":\"PropertyValueSpecification\",\"valueRequired\":true,\"valueName\":\"search_term_string\"}}],\"inLanguage\":\"fr-FR\"},{\"@type\":\"Organization\",\"@id\":\"https:\/\/trustton.com\/fr\/#organization\",\"name\":\"\u05e7\u05d1\u05d5\u05e6\u05ea \u05d8\u05e8\u05e1\u05d8\u05d5\u05df\",\"url\":\"https:\/\/trustton.com\/fr\/\",\"logo\":{\"@type\":\"ImageObject\",\"inLanguage\":\"fr-FR\",\"@id\":\"https:\/\/trustton.com\/fr\/#\/schema\/logo\/image\/\",\"url\":\"https:\/\/trustton.com\/wp-content\/uploads\/2025\/08\/trustton-group-removebg-preview.png\",\"contentUrl\":\"https:\/\/trustton.com\/wp-content\/uploads\/2025\/08\/trustton-group-removebg-preview.png\",\"width\":577,\"height\":433,\"caption\":\"\u05e7\u05d1\u05d5\u05e6\u05ea \u05d8\u05e8\u05e1\u05d8\u05d5\u05df\"},\"image\":{\"@id\":\"https:\/\/trustton.com\/fr\/#\/schema\/logo\/image\/\"},\"sameAs\":[\"https:\/\/www.facebook.com\/trusttongroup\/\",\"https:\/\/www.instagram.com\/trusttongroup\"]}]}<\/script>\n<!-- \/ Yoast SEO plugin. -->","yoast_head_json":{"title":"Accessibilit\u00e9 - \u05e7\u05d1\u05d5\u05e6\u05ea \u05d8\u05e8\u05e1\u05d8\u05d5\u05df","robots":{"index":"index","follow":"follow","max-snippet":"max-snippet:-1","max-image-preview":"max-image-preview:large","max-video-preview":"max-video-preview:-1"},"canonical":"https:\/\/trustton.com\/fr\/accessibilite\/","og_locale":"fr_FR","og_type":"article","og_title":"Accessibilit\u00e9 - \u05e7\u05d1\u05d5\u05e6\u05ea \u05d8\u05e8\u05e1\u05d8\u05d5\u05df","og_description":"D\u00e9claration d\u2019accessibilit\u00e9 Trustton Group est responsable de la cr\u00e9ation et de l\u2019exploitation du site internet https:\/\/trustton.com.Nous accordons une grande importance \u00e0 la fourniture d\u2019un service \u00e9gal \u00e0 tous les citoyens et \u00e0 l\u2019am\u00e9lioration des services propos\u00e9s aux personnes en situation de handicap.Nous investissons des ressources importantes afin de rendre notre site et nos actifs num\u00e9riques [&hellip;]","og_url":"https:\/\/trustton.com\/fr\/accessibilite\/","og_site_name":"\u05e7\u05d1\u05d5\u05e6\u05ea \u05d8\u05e8\u05e1\u05d8\u05d5\u05df","article_publisher":"https:\/\/www.facebook.com\/trusttongroup\/","article_modified_time":"2025-09-04T13:44:31+00:00","og_image":[{"width":1390,"height":1990,"url":"https:\/\/trustton.com\/wp-content\/uploads\/2025\/08\/\u05dc\u05d5\u05d2\u05d5-\u05e2\u05d1\u05e8\u05d9\u05ea-\u05e9\u05e7\u05d5\u05e3-e1750353833901.png","type":"image\/png"}],"twitter_card":"summary_large_image","twitter_misc":{"Dur\u00e9e de lecture estim\u00e9e":"4 minutes"},"schema":{"@context":"https:\/\/schema.org","@graph":[{"@type":"WebPage","@id":"https:\/\/trustton.com\/fr\/accessibilite\/","url":"https:\/\/trustton.com\/fr\/accessibilite\/","name":"Accessibilit\u00e9 - \u05e7\u05d1\u05d5\u05e6\u05ea \u05d8\u05e8\u05e1\u05d8\u05d5\u05df","isPartOf":{"@id":"https:\/\/trustton.com\/fr\/#website"},"datePublished":"2025-08-08T02:31:40+00:00","dateModified":"2025-09-04T13:44:31+00:00","breadcrumb":{"@id":"https:\/\/trustton.com\/fr\/accessibilite\/#breadcrumb"},"inLanguage":"fr-FR","potentialAction":[{"@type":"ReadAction","target":["https:\/\/trustton.com\/fr\/accessibilite\/"]}]},{"@type":"BreadcrumbList","@id":"https:\/\/trustton.com\/fr\/accessibilite\/#breadcrumb","itemListElement":[{"@type":"ListItem","position":1,"name":"Home","item":"https:\/\/trustton.com\/fr\/"},{"@type":"ListItem","position":2,"name":"Accessibilit\u00e9"}]},{"@type":"WebSite","@id":"https:\/\/trustton.com\/fr\/#website","url":"https:\/\/trustton.com\/fr\/","name":"\u05e7\u05d1\u05d5\u05e6\u05ea \u05d8\u05e8\u05e1\u05d8\u05d5\u05df","description":"\u05db\u05e9\u05d4\u05d9\u05d9\u05d8\u05e7 \u05d5\u05e0\u05d3\u05dc&quot;\u05df \u05e0\u05e4\u05d2\u05e9\u05d9\u05dd","publisher":{"@id":"https:\/\/trustton.com\/fr\/#organization"},"potentialAction":[{"@type":"SearchAction","target":{"@type":"EntryPoint","urlTemplate":"https:\/\/trustton.com\/fr\/?s={search_term_string}"},"query-input":{"@type":"PropertyValueSpecification","valueRequired":true,"valueName":"search_term_string"}}],"inLanguage":"fr-FR"},{"@type":"Organization","@id":"https:\/\/trustton.com\/fr\/#organization","name":"\u05e7\u05d1\u05d5\u05e6\u05ea \u05d8\u05e8\u05e1\u05d8\u05d5\u05df","url":"https:\/\/trustton.com\/fr\/","logo":{"@type":"ImageObject","inLanguage":"fr-FR","@id":"https:\/\/trustton.com\/fr\/#\/schema\/logo\/image\/","url":"https:\/\/trustton.com\/wp-content\/uploads\/2025\/08\/trustton-group-removebg-preview.png","contentUrl":"https:\/\/trustton.com\/wp-content\/uploads\/2025\/08\/trustton-group-removebg-preview.png","width":577,"height":433,"caption":"\u05e7\u05d1\u05d5\u05e6\u05ea \u05d8\u05e8\u05e1\u05d8\u05d5\u05df"},"image":{"@id":"https:\/\/trustton.com\/fr\/#\/schema\/logo\/image\/"},"sameAs":["https:\/\/www.facebook.com\/trusttongroup\/","https:\/\/www.instagram.com\/trusttongroup"]}]}},"_links":{"self":[{"href":"https:\/\/trustton.com\/fr\/wp-json\/wp\/v2\/pages\/23794","targetHints":{"allow":["GET"]}}],"collection":[{"href":"https:\/\/trustton.com\/fr\/wp-json\/wp\/v2\/pages"}],"about":[{"href":"https:\/\/trustton.com\/fr\/wp-json\/wp\/v2\/types\/page"}],"author":[{"embeddable":true,"href":"https:\/\/trustton.com\/fr\/wp-json\/wp\/v2\/users\/1"}],"replies":[{"embeddable":true,"href":"https:\/\/trustton.com\/fr\/wp-json\/wp\/v2\/comments?post=23794"}],"version-history":[{"count":0,"href":"https:\/\/trustton.com\/fr\/wp-json\/wp\/v2\/pages\/23794\/revisions"}],"wp:attachment":[{"href":"https:\/\/trustton.com\/fr\/wp-json\/wp\/v2\/media?parent=23794"}],"curies":[{"name":"wp","href":"https:\/\/api.w.org\/{rel}","templated":true}]}}