{"id":23807,"date":"2020-03-02T10:27:05","date_gmt":"2020-03-02T08:27:05","guid":{"rendered":"https:\/\/trustton.com\/contactez-nous\/"},"modified":"2025-09-04T17:20:37","modified_gmt":"2025-09-04T14:20:37","slug":"contactez-nous","status":"publish","type":"page","link":"https:\/\/trustton.com\/fr\/contactez-nous\/","title":{"rendered":"Contactez-nous"},"content":{"rendered":"\t\t<div data-elementor-type=\"wp-page\" data-elementor-id=\"23807\" class=\"elementor elementor-23807 elementor-16941\" data-elementor-post-type=\"page\">\n\t\t\t\t<div class=\"elementor-element elementor-element-1cc772c7 e-con-full e-flex e-con e-parent\" data-id=\"1cc772c7\" data-element_type=\"container\" data-settings=\"{&quot;background_background&quot;:&quot;classic&quot;}\">\n\t\t\t\t<\/div>\n\t\t<div class=\"elementor-element elementor-element-76d54be5 e-flex e-con-boxed e-con e-parent\" data-id=\"76d54be5\" data-element_type=\"container\" data-settings=\"{&quot;background_background&quot;:&quot;classic&quot;}\">\n\t\t\t\t\t<div class=\"e-con-inner\">\n\t\t<div class=\"elementor-element elementor-element-3992655c e-flex e-con-boxed e-con e-child\" data-id=\"3992655c\" data-element_type=\"container\">\n\t\t\t\t\t<div class=\"e-con-inner\">\n\t\t<div class=\"elementor-element elementor-element-52b2ad60 e-con-full e-flex e-con e-child\" data-id=\"52b2ad60\" data-element_type=\"container\">\n\t\t\t\t<\/div>\n\t\t\t\t<div class=\"elementor-element elementor-element-4a9f5731 elementor-widget elementor-widget-heading\" data-id=\"4a9f5731\" data-element_type=\"widget\" data-widget_type=\"heading.default\">\n\t\t\t\t\t<h1 class=\"elementor-heading-title elementor-size-default\">Contactez-nous<\/h1>\t\t\t\t<\/div>\n\t\t\t\t\t<\/div>\n\t\t\t\t<\/div>\n\t\t\t\t\t<\/div>\n\t\t\t\t<\/div>\n\t\t<div class=\"elementor-element elementor-element-53bb8049 e-flex e-con-boxed e-con e-parent\" data-id=\"53bb8049\" data-element_type=\"container\" data-settings=\"{&quot;background_background&quot;:&quot;classic&quot;}\">\n\t\t\t\t\t<div class=\"e-con-inner\">\n\t\t<div class=\"elementor-element elementor-element-738d8b01 e-con-full e-flex e-con e-child\" data-id=\"738d8b01\" data-element_type=\"container\">\n\t\t\t\t<div class=\"elementor-element elementor-element-18a74b81 elementor-view-default elementor-position-top elementor-mobile-position-top elementor-widget elementor-widget-icon-box\" data-id=\"18a74b81\" data-element_type=\"widget\" data-widget_type=\"icon-box.default\">\n\t\t\t\t\t\t\t<div class=\"elementor-icon-box-wrapper\">\n\n\t\t\t\t\t\t<div class=\"elementor-icon-box-icon\">\n\t\t\t\t<span  class=\"elementor-icon\">\n\t\t\t\t<svg aria-hidden=\"true\" class=\"e-font-icon-svg e-fas-headset\" viewBox=\"0 0 512 512\" xmlns=\"http:\/\/www.w3.org\/2000\/svg\"><path d=\"M192 208c0-17.67-14.33-32-32-32h-16c-35.35 0-64 28.65-64 64v48c0 35.35 28.65 64 64 64h16c17.67 0 32-14.33 32-32V208zm176 144c35.35 0 64-28.65 64-64v-48c0-35.35-28.65-64-64-64h-16c-17.67 0-32 14.33-32 32v112c0 17.67 14.33 32 32 32h16zM256 0C113.18 0 4.58 118.83 0 256v16c0 8.84 7.16 16 16 16h16c8.84 0 16-7.16 16-16v-16c0-114.69 93.31-208 208-208s208 93.31 208 208h-.12c.08 2.43.12 165.72.12 165.72 0 23.35-18.93 42.28-42.28 42.28H320c0-26.51-21.49-48-48-48h-32c-26.51 0-48 21.49-48 48s21.49 48 48 48h181.72c49.86 0 90.28-40.42 90.28-90.28V256C507.42 118.83 398.82 0 256 0z\"><\/path><\/svg>\t\t\t\t<\/span>\n\t\t\t<\/div>\n\t\t\t\n\t\t\t\t\t\t<div class=\"elementor-icon-box-content\">\n\n\t\t\t\t\t\t\t\t\t<h3 class=\"elementor-icon-box-title\">\n\t\t\t\t\t\t<span  >\n\t\t\t\t\t\t\t0506998008\t\t\t\t\t\t<\/span>\n\t\t\t\t\t<\/h3>\n\t\t\t\t\n\t\t\t\t\t\t\t\t\t<p class=\"elementor-icon-box-description\">\n\t\t\t\t\t\tContactez-nous d\u00e8s aujourd\u2019hui, nous serons ravis d\u2019avoir de vos nouvelles.<br>\t\t\t\t\t<\/p>\n\t\t\t\t\n\t\t\t<\/div>\n\t\t\t\n\t\t<\/div>\n\t\t\t\t\t\t<\/div>\n\t\t\t\t<div class=\"elementor-element elementor-element-68b3510d elementor-view-default elementor-position-top elementor-mobile-position-top elementor-widget elementor-widget-icon-box\" data-id=\"68b3510d\" data-element_type=\"widget\" data-widget_type=\"icon-box.default\">\n\t\t\t\t\t\t\t<div class=\"elementor-icon-box-wrapper\">\n\n\t\t\t\t\t\t<div class=\"elementor-icon-box-icon\">\n\t\t\t\t<span  class=\"elementor-icon\">\n\t\t\t\t<svg aria-hidden=\"true\" class=\"e-font-icon-svg e-far-comments\" viewBox=\"0 0 576 512\" xmlns=\"http:\/\/www.w3.org\/2000\/svg\"><path d=\"M532 386.2c27.5-27.1 44-61.1 44-98.2 0-80-76.5-146.1-176.2-157.9C368.3 72.5 294.3 32 208 32 93.1 32 0 103.6 0 192c0 37 16.5 71 44 98.2-15.3 30.7-37.3 54.5-37.7 54.9-6.3 6.7-8.1 16.5-4.4 25 3.6 8.5 12 14 21.2 14 53.5 0 96.7-20.2 125.2-38.8 9.2 2.1 18.7 3.7 28.4 4.9C208.1 407.6 281.8 448 368 448c20.8 0 40.8-2.4 59.8-6.8C456.3 459.7 499.4 480 553 480c9.2 0 17.5-5.5 21.2-14 3.6-8.5 1.9-18.3-4.4-25-.4-.3-22.5-24.1-37.8-54.8zm-392.8-92.3L122.1 305c-14.1 9.1-28.5 16.3-43.1 21.4 2.7-4.7 5.4-9.7 8-14.8l15.5-31.1L77.7 256C64.2 242.6 48 220.7 48 192c0-60.7 73.3-112 160-112s160 51.3 160 112-73.3 112-160 112c-16.5 0-33-1.9-49-5.6l-19.8-4.5zM498.3 352l-24.7 24.4 15.5 31.1c2.6 5.1 5.3 10.1 8 14.8-14.6-5.1-29-12.3-43.1-21.4l-17.1-11.1-19.9 4.6c-16 3.7-32.5 5.6-49 5.6-54 0-102.2-20.1-131.3-49.7C338 339.5 416 272.9 416 192c0-3.4-.4-6.7-.7-10C479.7 196.5 528 238.8 528 288c0 28.7-16.2 50.6-29.7 64z\"><\/path><\/svg>\t\t\t\t<\/span>\n\t\t\t<\/div>\n\t\t\t\n\t\t\t\t\t\t<div class=\"elementor-icon-box-content\">\n\n\t\t\t\t\t\t\t\t\t<h3 class=\"elementor-icon-box-title\">\n\t\t\t\t\t\t<span  >\n\t\t\t\t\t\t\tEnvoyez-nous un message\t\t\t\t\t\t<\/span>\n\t\t\t\t\t<\/h3>\n\t\t\t\t\n\t\t\t\t\t\t\t\t\t<p class=\"elementor-icon-box-description\">\n\t\t\t\t\t\tTout ce que vous souhaitez demander, partager ou clarifier \u2014 nous sommes l\u00e0.<br>\t\t\t\t\t<\/p>\n\t\t\t\t\n\t\t\t<\/div>\n\t\t\t\n\t\t<\/div>\n\t\t\t\t\t\t<\/div>\n\t\t\t\t<div class=\"elementor-element elementor-element-61b8aa84 elementor-view-default elementor-position-top elementor-mobile-position-top elementor-widget elementor-widget-icon-box\" data-id=\"61b8aa84\" data-element_type=\"widget\" data-widget_type=\"icon-box.default\">\n\t\t\t\t\t\t\t<div class=\"elementor-icon-box-wrapper\">\n\n\t\t\t\t\t\t<div class=\"elementor-icon-box-icon\">\n\t\t\t\t<span  class=\"elementor-icon\">\n\t\t\t\t<svg aria-hidden=\"true\" class=\"e-font-icon-svg e-far-envelope-open\" viewBox=\"0 0 512 512\" xmlns=\"http:\/\/www.w3.org\/2000\/svg\"><path d=\"M494.586 164.516c-4.697-3.883-111.723-89.95-135.251-108.657C337.231 38.191 299.437 0 256 0c-43.205 0-80.636 37.717-103.335 55.859-24.463 19.45-131.07 105.195-135.15 108.549A48.004 48.004 0 0 0 0 201.485V464c0 26.51 21.49 48 48 48h416c26.51 0 48-21.49 48-48V201.509a48 48 0 0 0-17.414-36.993zM464 458a6 6 0 0 1-6 6H54a6 6 0 0 1-6-6V204.347c0-1.813.816-3.526 2.226-4.665 15.87-12.814 108.793-87.554 132.364-106.293C200.755 78.88 232.398 48 256 48c23.693 0 55.857 31.369 73.41 45.389 23.573 18.741 116.503 93.493 132.366 106.316a5.99 5.99 0 0 1 2.224 4.663V458zm-31.991-187.704c4.249 5.159 3.465 12.795-1.745 16.981-28.975 23.283-59.274 47.597-70.929 56.863C336.636 362.283 299.205 400 256 400c-43.452 0-81.287-38.237-103.335-55.86-11.279-8.967-41.744-33.413-70.927-56.865-5.21-4.187-5.993-11.822-1.745-16.981l15.258-18.528c4.178-5.073 11.657-5.843 16.779-1.726 28.618 23.001 58.566 47.035 70.56 56.571C200.143 320.631 232.307 352 256 352c23.602 0 55.246-30.88 73.41-45.389 11.994-9.535 41.944-33.57 70.563-56.568 5.122-4.116 12.601-3.346 16.778 1.727l15.258 18.526z\"><\/path><\/svg>\t\t\t\t<\/span>\n\t\t\t<\/div>\n\t\t\t\n\t\t\t\t\t\t<div class=\"elementor-icon-box-content\">\n\n\t\t\t\t\t\t\t\t\t<h3 class=\"elementor-icon-box-title\">\n\t\t\t\t\t\t<span  >\n\t\t\t\t\t\t\tEnvoi d\u2019e-mail\t\t\t\t\t\t<\/span>\n\t\t\t\t\t<\/h3>\n\t\t\t\t\n\t\t\t\t\t\t\t\t\t<p class=\"elementor-icon-box-description\">\n\t\t\t\t\t\tContactez-nous via le formulaire de contact<br> et vous recevrez une r\u00e9ponse sous un jour ouvrable.<br>\t\t\t\t\t<\/p>\n\t\t\t\t\n\t\t\t<\/div>\n\t\t\t\n\t\t<\/div>\n\t\t\t\t\t\t<\/div>\n\t\t\t\t<\/div>\n\t\t\t\t\t<\/div>\n\t\t\t\t<\/div>\n\t\t<div class=\"elementor-element elementor-element-1098e048 e-flex e-con-boxed e-con e-child\" data-id=\"1098e048\" data-element_type=\"container\" data-settings=\"{&quot;background_background&quot;:&quot;classic&quot;}\">\n\t\t\t\t\t<div class=\"e-con-inner\">\n\t\t<div class=\"elementor-element elementor-element-64fe1e43 animated-slow e-con-full e-flex elementor-invisible e-con e-child\" data-id=\"64fe1e43\" data-element_type=\"container\" data-settings=\"{&quot;background_background&quot;:&quot;classic&quot;,&quot;animation&quot;:&quot;fadeIn&quot;}\">\n\t\t<div class=\"elementor-element elementor-element-290a5182 e-con-full e-flex e-con e-child\" data-id=\"290a5182\" data-element_type=\"container\">\n\t\t\t\t<div class=\"elementor-element elementor-element-1aa4e52b elementor-widget elementor-widget-heading\" data-id=\"1aa4e52b\" data-element_type=\"widget\" data-widget_type=\"heading.default\">\n\t\t\t\t\t<h2 class=\"elementor-heading-title elementor-size-default\">Contactez-nous<\/h2>\t\t\t\t<\/div>\n\t\t\t\t<div class=\"elementor-element elementor-element-3b7dacb elementor-button-align-stretch elementor-widget elementor-widget-form\" data-id=\"3b7dacb\" data-element_type=\"widget\" data-settings=\"{&quot;step_next_label&quot;:&quot;Suivant&quot;,&quot;step_previous_label&quot;:&quot;Pr\\u00e9c\\u00e9dent&quot;,&quot;button_width&quot;:&quot;100&quot;,&quot;step_type&quot;:&quot;number_text&quot;,&quot;step_icon_shape&quot;:&quot;circle&quot;}\" data-widget_type=\"form.default\">\n\t\t\t\t\t\t\t<form class=\"elementor-form\" method=\"post\" name=\"Formulaire de contact\" aria-label=\"Formulaire de contact\">\n\t\t\t<input type=\"hidden\" name=\"post_id\" value=\"23807\"\/>\n\t\t\t<input type=\"hidden\" name=\"form_id\" value=\"3b7dacb\"\/>\n\t\t\t<input type=\"hidden\" name=\"referer_title\" value=\"\u05e7\u05d1\u05d5\u05e6\u05ea \u05d8\u05e8\u05e1\u05d8\u05d5\u05df\" \/>\n\n\t\t\t\n\t\t\t<div class=\"elementor-form-fields-wrapper elementor-labels-above\">\n\t\t\t\t\t\t\t\t<div class=\"elementor-field-type-text elementor-field-group elementor-column elementor-field-group-name elementor-col-50\">\n\t\t\t\t\t\t\t\t\t\t\t\t<label for=\"form-field-name\" class=\"elementor-field-label\">\n\t\t\t\t\t\t\t\tNom\t\t\t\t\t\t\t<\/label>\n\t\t\t\t\t\t\t\t\t\t\t\t\t\t<input size=\"1\" type=\"text\" name=\"form_fields[name]\" id=\"form-field-name\" class=\"elementor-field elementor-size-sm  elementor-field-textual\" placeholder=\"Nom\">\n\t\t\t\t\t\t\t\t\t\t\t<\/div>\n\t\t\t\t\t\t\t\t<div class=\"elementor-field-type-text elementor-field-group elementor-column elementor-field-group-field_48a97a4 elementor-col-50\">\n\t\t\t\t\t\t\t\t\t\t\t\t<label for=\"form-field-field_48a97a4\" class=\"elementor-field-label\">\n\t\t\t\t\t\t\t\tNom de famille\t\t\t\t\t\t\t<\/label>\n\t\t\t\t\t\t\t\t\t\t\t\t\t\t<input size=\"1\" type=\"text\" name=\"form_fields[field_48a97a4]\" id=\"form-field-field_48a97a4\" class=\"elementor-field elementor-size-sm  elementor-field-textual\" placeholder=\"Nom de famille\">\n\t\t\t\t\t\t\t\t\t\t\t<\/div>\n\t\t\t\t\t\t\t\t<div class=\"elementor-field-type-tel elementor-field-group elementor-column elementor-field-group-email elementor-col-50 elementor-field-required\">\n\t\t\t\t\t\t\t\t\t\t\t\t<label for=\"form-field-email\" class=\"elementor-field-label\">\n\t\t\t\t\t\t\t\tNum\u00e9ro de t\u00e9l\u00e9phone\t\t\t\t\t\t\t<\/label>\n\t\t\t\t\t\t\t\t<input size=\"1\" type=\"tel\" name=\"form_fields[email]\" id=\"form-field-email\" class=\"elementor-field elementor-size-sm  elementor-field-textual\" placeholder=\"Num\u00e9ro de t\u00e9l\u00e9phone\" required=\"required\" pattern=\"[0-9()#&amp;+*-=.]+\" title=\"Seuls les caract\u00e8res de num\u00e9ros de t\u00e9l\u00e9phone (#, -, *, etc.) sont accept\u00e9s.\">\n\n\t\t\t\t\t\t<\/div>\n\t\t\t\t\t\t\t\t<div class=\"elementor-field-type-email elementor-field-group elementor-column elementor-field-group-field_6b27165 elementor-col-50 elementor-field-required\">\n\t\t\t\t\t\t\t\t\t\t\t\t<label for=\"form-field-field_6b27165\" class=\"elementor-field-label\">\n\t\t\t\t\t\t\t\tE-mail\t\t\t\t\t\t\t<\/label>\n\t\t\t\t\t\t\t\t\t\t\t\t\t\t<input size=\"1\" type=\"email\" name=\"form_fields[field_6b27165]\" id=\"form-field-field_6b27165\" class=\"elementor-field elementor-size-sm  elementor-field-textual\" placeholder=\"E-mail\" required=\"required\">\n\t\t\t\t\t\t\t\t\t\t\t<\/div>\n\t\t\t\t\t\t\t\t<div class=\"elementor-field-type-textarea elementor-field-group elementor-column elementor-field-group-message elementor-col-100\">\n\t\t\t\t\t\t\t\t\t\t\t\t<label for=\"form-field-message\" class=\"elementor-field-label\">\n\t\t\t\t\t\t\t\tMessage\t\t\t\t\t\t\t<\/label>\n\t\t\t\t\t\t<textarea class=\"elementor-field-textual elementor-field  elementor-size-sm\" name=\"form_fields[message]\" id=\"form-field-message\" rows=\"4\" placeholder=\"Message\"><\/textarea>\t\t\t\t<\/div>\n\t\t\t\t\t\t\t\t<div class=\"elementor-field-type-recaptcha elementor-field-group elementor-column elementor-field-group-field_c955e5e elementor-col-100\">\n\t\t\t\t\t<div class=\"elementor-field\" id=\"form-field-field_c955e5e\"><div class=\"elementor-g-recaptcha\" data-sitekey=\"6LcAbW0rAAAAANrQDJXhIMp-Gn5sCRYVOm1D2RJ6\" data-type=\"v2_checkbox\" data-theme=\"light\" data-size=\"normal\"><\/div><\/div>\t\t\t\t<\/div>\n\t\t\t\t\t\t\t\t<div class=\"elementor-field-group elementor-column elementor-field-type-submit elementor-col-100 e-form__buttons\">\n\t\t\t\t\t<button class=\"elementor-button elementor-size-sm\" type=\"submit\">\n\t\t\t\t\t\t<span class=\"elementor-button-content-wrapper\">\n\t\t\t\t\t\t\t\t\t\t\t\t\t\t\t\t\t\t\t\t\t\t<span class=\"elementor-button-text\">Envoi<\/span>\n\t\t\t\t\t\t\t\t\t\t\t\t\t<\/span>\n\t\t\t\t\t<\/button>\n\t\t\t\t<\/div>\n\t\t\t<\/div>\n\t\t<\/form>\n\t\t\t\t\t\t<\/div>\n\t\t\t\t<\/div>\n\t\t\t\t<\/div>\n\t\t\t\t\t<\/div>\n\t\t\t\t<\/div>\n\t\t\t\t<\/div>\n\t\t","protected":false},"excerpt":{"rendered":"<p>Contactez-nous 0506998008 Contactez-nous d\u00e8s aujourd\u2019hui, nous serons ravis d\u2019avoir de vos nouvelles. Envoyez-nous un message Tout ce que vous souhaitez demander, partager ou clarifier \u2014 nous sommes l\u00e0. Envoi d\u2019e-mail Contactez-nous via le formulaire de contact et vous recevrez une r\u00e9ponse sous un jour ouvrable. Contactez-nous<\/p>\n","protected":false},"author":1,"featured_media":0,"parent":0,"menu_order":0,"comment_status":"closed","ping_status":"closed","template":"template\/template-homepage.php","meta":{"footnotes":""},"class_list":["post-23807","page","type-page","status-publish","hentry"],"yoast_head":"<!-- This site is optimized with the Yoast SEO plugin v26.3 - https:\/\/yoast.com\/wordpress\/plugins\/seo\/ -->\n<title>Contactez-nous - \u05e7\u05d1\u05d5\u05e6\u05ea \u05d8\u05e8\u05e1\u05d8\u05d5\u05df<\/title>\n<meta name=\"robots\" content=\"index, follow, max-snippet:-1, max-image-preview:large, max-video-preview:-1\" \/>\n<link rel=\"canonical\" href=\"https:\/\/trustton.com\/fr\/contactez-nous\/\" \/>\n<meta property=\"og:locale\" content=\"fr_FR\" \/>\n<meta property=\"og:type\" content=\"article\" \/>\n<meta property=\"og:title\" content=\"Contactez-nous - \u05e7\u05d1\u05d5\u05e6\u05ea \u05d8\u05e8\u05e1\u05d8\u05d5\u05df\" \/>\n<meta property=\"og:description\" content=\"Contactez-nous 0506998008 Contactez-nous d\u00e8s aujourd\u2019hui, nous serons ravis d\u2019avoir de vos nouvelles. Envoyez-nous un message Tout ce que vous souhaitez demander, partager ou clarifier \u2014 nous sommes l\u00e0. Envoi d\u2019e-mail Contactez-nous via le formulaire de contact et vous recevrez une r\u00e9ponse sous un jour ouvrable. Contactez-nous\" \/>\n<meta property=\"og:url\" content=\"https:\/\/trustton.com\/fr\/contactez-nous\/\" \/>\n<meta property=\"og:site_name\" content=\"\u05e7\u05d1\u05d5\u05e6\u05ea \u05d8\u05e8\u05e1\u05d8\u05d5\u05df\" \/>\n<meta property=\"article:publisher\" content=\"https:\/\/www.facebook.com\/trusttongroup\/\" \/>\n<meta property=\"article:modified_time\" content=\"2025-09-04T14:20:37+00:00\" \/>\n<meta property=\"og:image\" content=\"https:\/\/trustton.com\/wp-content\/uploads\/2025\/08\/\u05dc\u05d5\u05d2\u05d5-\u05e2\u05d1\u05e8\u05d9\u05ea-\u05e9\u05e7\u05d5\u05e3-e1750353833901.png\" \/>\n\t<meta property=\"og:image:width\" content=\"1390\" \/>\n\t<meta property=\"og:image:height\" content=\"1990\" \/>\n\t<meta property=\"og:image:type\" content=\"image\/png\" \/>\n<meta name=\"twitter:card\" content=\"summary_large_image\" \/>\n<script type=\"application\/ld+json\" class=\"yoast-schema-graph\">{\"@context\":\"https:\/\/schema.org\",\"@graph\":[{\"@type\":\"WebPage\",\"@id\":\"https:\/\/trustton.com\/fr\/contactez-nous\/\",\"url\":\"https:\/\/trustton.com\/fr\/contactez-nous\/\",\"name\":\"Contactez-nous - \u05e7\u05d1\u05d5\u05e6\u05ea \u05d8\u05e8\u05e1\u05d8\u05d5\u05df\",\"isPartOf\":{\"@id\":\"https:\/\/trustton.com\/fr\/#website\"},\"datePublished\":\"2020-03-02T08:27:05+00:00\",\"dateModified\":\"2025-09-04T14:20:37+00:00\",\"breadcrumb\":{\"@id\":\"https:\/\/trustton.com\/fr\/contactez-nous\/#breadcrumb\"},\"inLanguage\":\"fr-FR\",\"potentialAction\":[{\"@type\":\"ReadAction\",\"target\":[\"https:\/\/trustton.com\/fr\/contactez-nous\/\"]}]},{\"@type\":\"BreadcrumbList\",\"@id\":\"https:\/\/trustton.com\/fr\/contactez-nous\/#breadcrumb\",\"itemListElement\":[{\"@type\":\"ListItem\",\"position\":1,\"name\":\"Home\",\"item\":\"https:\/\/trustton.com\/fr\/\"},{\"@type\":\"ListItem\",\"position\":2,\"name\":\"Contactez-nous\"}]},{\"@type\":\"WebSite\",\"@id\":\"https:\/\/trustton.com\/fr\/#website\",\"url\":\"https:\/\/trustton.com\/fr\/\",\"name\":\"\u05e7\u05d1\u05d5\u05e6\u05ea \u05d8\u05e8\u05e1\u05d8\u05d5\u05df\",\"description\":\"\u05db\u05e9\u05d4\u05d9\u05d9\u05d8\u05e7 \u05d5\u05e0\u05d3\u05dc&quot;\u05df \u05e0\u05e4\u05d2\u05e9\u05d9\u05dd\",\"publisher\":{\"@id\":\"https:\/\/trustton.com\/fr\/#organization\"},\"potentialAction\":[{\"@type\":\"SearchAction\",\"target\":{\"@type\":\"EntryPoint\",\"urlTemplate\":\"https:\/\/trustton.com\/fr\/?s={search_term_string}\"},\"query-input\":{\"@type\":\"PropertyValueSpecification\",\"valueRequired\":true,\"valueName\":\"search_term_string\"}}],\"inLanguage\":\"fr-FR\"},{\"@type\":\"Organization\",\"@id\":\"https:\/\/trustton.com\/fr\/#organization\",\"name\":\"\u05e7\u05d1\u05d5\u05e6\u05ea \u05d8\u05e8\u05e1\u05d8\u05d5\u05df\",\"url\":\"https:\/\/trustton.com\/fr\/\",\"logo\":{\"@type\":\"ImageObject\",\"inLanguage\":\"fr-FR\",\"@id\":\"https:\/\/trustton.com\/fr\/#\/schema\/logo\/image\/\",\"url\":\"https:\/\/trustton.com\/wp-content\/uploads\/2025\/08\/trustton-group-removebg-preview.png\",\"contentUrl\":\"https:\/\/trustton.com\/wp-content\/uploads\/2025\/08\/trustton-group-removebg-preview.png\",\"width\":577,\"height\":433,\"caption\":\"\u05e7\u05d1\u05d5\u05e6\u05ea \u05d8\u05e8\u05e1\u05d8\u05d5\u05df\"},\"image\":{\"@id\":\"https:\/\/trustton.com\/fr\/#\/schema\/logo\/image\/\"},\"sameAs\":[\"https:\/\/www.facebook.com\/trusttongroup\/\",\"https:\/\/www.instagram.com\/trusttongroup\"]}]}<\/script>\n<!-- \/ Yoast SEO plugin. -->","yoast_head_json":{"title":"Contactez-nous - \u05e7\u05d1\u05d5\u05e6\u05ea \u05d8\u05e8\u05e1\u05d8\u05d5\u05df","robots":{"index":"index","follow":"follow","max-snippet":"max-snippet:-1","max-image-preview":"max-image-preview:large","max-video-preview":"max-video-preview:-1"},"canonical":"https:\/\/trustton.com\/fr\/contactez-nous\/","og_locale":"fr_FR","og_type":"article","og_title":"Contactez-nous - \u05e7\u05d1\u05d5\u05e6\u05ea \u05d8\u05e8\u05e1\u05d8\u05d5\u05df","og_description":"Contactez-nous 0506998008 Contactez-nous d\u00e8s aujourd\u2019hui, nous serons ravis d\u2019avoir de vos nouvelles. Envoyez-nous un message Tout ce que vous souhaitez demander, partager ou clarifier \u2014 nous sommes l\u00e0. Envoi d\u2019e-mail Contactez-nous via le formulaire de contact et vous recevrez une r\u00e9ponse sous un jour ouvrable. Contactez-nous","og_url":"https:\/\/trustton.com\/fr\/contactez-nous\/","og_site_name":"\u05e7\u05d1\u05d5\u05e6\u05ea \u05d8\u05e8\u05e1\u05d8\u05d5\u05df","article_publisher":"https:\/\/www.facebook.com\/trusttongroup\/","article_modified_time":"2025-09-04T14:20:37+00:00","og_image":[{"width":1390,"height":1990,"url":"https:\/\/trustton.com\/wp-content\/uploads\/2025\/08\/\u05dc\u05d5\u05d2\u05d5-\u05e2\u05d1\u05e8\u05d9\u05ea-\u05e9\u05e7\u05d5\u05e3-e1750353833901.png","type":"image\/png"}],"twitter_card":"summary_large_image","schema":{"@context":"https:\/\/schema.org","@graph":[{"@type":"WebPage","@id":"https:\/\/trustton.com\/fr\/contactez-nous\/","url":"https:\/\/trustton.com\/fr\/contactez-nous\/","name":"Contactez-nous - \u05e7\u05d1\u05d5\u05e6\u05ea \u05d8\u05e8\u05e1\u05d8\u05d5\u05df","isPartOf":{"@id":"https:\/\/trustton.com\/fr\/#website"},"datePublished":"2020-03-02T08:27:05+00:00","dateModified":"2025-09-04T14:20:37+00:00","breadcrumb":{"@id":"https:\/\/trustton.com\/fr\/contactez-nous\/#breadcrumb"},"inLanguage":"fr-FR","potentialAction":[{"@type":"ReadAction","target":["https:\/\/trustton.com\/fr\/contactez-nous\/"]}]},{"@type":"BreadcrumbList","@id":"https:\/\/trustton.com\/fr\/contactez-nous\/#breadcrumb","itemListElement":[{"@type":"ListItem","position":1,"name":"Home","item":"https:\/\/trustton.com\/fr\/"},{"@type":"ListItem","position":2,"name":"Contactez-nous"}]},{"@type":"WebSite","@id":"https:\/\/trustton.com\/fr\/#website","url":"https:\/\/trustton.com\/fr\/","name":"\u05e7\u05d1\u05d5\u05e6\u05ea \u05d8\u05e8\u05e1\u05d8\u05d5\u05df","description":"\u05db\u05e9\u05d4\u05d9\u05d9\u05d8\u05e7 \u05d5\u05e0\u05d3\u05dc&quot;\u05df \u05e0\u05e4\u05d2\u05e9\u05d9\u05dd","publisher":{"@id":"https:\/\/trustton.com\/fr\/#organization"},"potentialAction":[{"@type":"SearchAction","target":{"@type":"EntryPoint","urlTemplate":"https:\/\/trustton.com\/fr\/?s={search_term_string}"},"query-input":{"@type":"PropertyValueSpecification","valueRequired":true,"valueName":"search_term_string"}}],"inLanguage":"fr-FR"},{"@type":"Organization","@id":"https:\/\/trustton.com\/fr\/#organization","name":"\u05e7\u05d1\u05d5\u05e6\u05ea \u05d8\u05e8\u05e1\u05d8\u05d5\u05df","url":"https:\/\/trustton.com\/fr\/","logo":{"@type":"ImageObject","inLanguage":"fr-FR","@id":"https:\/\/trustton.com\/fr\/#\/schema\/logo\/image\/","url":"https:\/\/trustton.com\/wp-content\/uploads\/2025\/08\/trustton-group-removebg-preview.png","contentUrl":"https:\/\/trustton.com\/wp-content\/uploads\/2025\/08\/trustton-group-removebg-preview.png","width":577,"height":433,"caption":"\u05e7\u05d1\u05d5\u05e6\u05ea \u05d8\u05e8\u05e1\u05d8\u05d5\u05df"},"image":{"@id":"https:\/\/trustton.com\/fr\/#\/schema\/logo\/image\/"},"sameAs":["https:\/\/www.facebook.com\/trusttongroup\/","https:\/\/www.instagram.com\/trusttongroup"]}]}},"_links":{"self":[{"href":"https:\/\/trustton.com\/fr\/wp-json\/wp\/v2\/pages\/23807","targetHints":{"allow":["GET"]}}],"collection":[{"href":"https:\/\/trustton.com\/fr\/wp-json\/wp\/v2\/pages"}],"about":[{"href":"https:\/\/trustton.com\/fr\/wp-json\/wp\/v2\/types\/page"}],"author":[{"embeddable":true,"href":"https:\/\/trustton.com\/fr\/wp-json\/wp\/v2\/users\/1"}],"replies":[{"embeddable":true,"href":"https:\/\/trustton.com\/fr\/wp-json\/wp\/v2\/comments?post=23807"}],"version-history":[{"count":0,"href":"https:\/\/trustton.com\/fr\/wp-json\/wp\/v2\/pages\/23807\/revisions"}],"wp:attachment":[{"href":"https:\/\/trustton.com\/fr\/wp-json\/wp\/v2\/media?parent=23807"}],"curies":[{"name":"wp","href":"https:\/\/api.w.org\/{rel}","templated":true}]}}