{"id":23820,"date":"2025-08-08T09:13:32","date_gmt":"2025-08-08T06:13:32","guid":{"rendered":"https:\/\/trustton.com\/carriere\/"},"modified":"2025-09-04T17:59:29","modified_gmt":"2025-09-04T14:59:29","slug":"carriere","status":"publish","type":"page","link":"https:\/\/trustton.com\/fr\/carriere\/","title":{"rendered":"Carri\u00e8re"},"content":{"rendered":"\t\t<div data-elementor-type=\"wp-page\" data-elementor-id=\"23820\" class=\"elementor elementor-23820 elementor-22533\" data-elementor-post-type=\"page\">\n\t\t\t\t<div class=\"elementor-element elementor-element-1cc772c7 e-con-full e-flex e-con e-parent\" data-id=\"1cc772c7\" data-element_type=\"container\" data-settings=\"{&quot;background_background&quot;:&quot;classic&quot;}\">\n\t\t\t\t<\/div>\n\t\t<div class=\"elementor-element elementor-element-76d54be5 e-flex e-con-boxed e-con e-parent\" data-id=\"76d54be5\" data-element_type=\"container\" data-settings=\"{&quot;background_background&quot;:&quot;classic&quot;}\">\n\t\t\t\t\t<div class=\"e-con-inner\">\n\t\t<div class=\"elementor-element elementor-element-3992655c e-flex e-con-boxed e-con e-child\" data-id=\"3992655c\" data-element_type=\"container\">\n\t\t\t\t\t<div class=\"e-con-inner\">\n\t\t\t\t<div class=\"elementor-element elementor-element-4a9f5731 elementor-widget elementor-widget-heading\" data-id=\"4a9f5731\" data-element_type=\"widget\" data-widget_type=\"heading.default\">\n\t\t\t\t\t<h1 class=\"elementor-heading-title elementor-size-default\">Carri\u00e8re<\/h1>\t\t\t\t<\/div>\n\t\t\t\t<div class=\"elementor-element elementor-element-5220081 elementor-widget elementor-widget-heading\" data-id=\"5220081\" data-element_type=\"widget\" data-widget_type=\"heading.default\">\n\t\t\t\t\t<p class=\"elementor-heading-title elementor-size-default\">Avez-vous un permis de courtage\u202f? Il est temps de rejoindre l\u2019agence qui fa\u00e7onne l\u2019avenir du monde immobilier. Chez Trustton Group, nous combinons des d\u00e9cennies d\u2019exp\u00e9rience en ventes et en haute technologie avec des technologies avanc\u00e9es d\u2019IA pour offrir un v\u00e9ritable avantage \u00e0 nos agents. Avec nous, vous b\u00e9n\u00e9ficierez de\u202f:  * Un environnement de travail innovant et stimulant. * L\u2019acc\u00e8s \u00e0 des outils technologiques avanc\u00e9s qui acc\u00e9l\u00e8rent les transactions et g\u00e9n\u00e8rent des prospects de qualit\u00e9. * Un accompagnement personnalis\u00e9 et un soutien sur le chemin du succ\u00e8s. * Une marque forte et prestigieuse qui vous apporte un v\u00e9ritable soutien sur le march\u00e9.  Nous recherchons des personnes professionnelles, dynamiques et passionn\u00e9es par la r\u00e9ussite \u2013 celles qui souhaitent non seulement travailler, mais diriger. Venez faire partie de la meilleure agence et transformez votre permis de courtage en tremplin pour une carri\u00e8re significative et rentable.<\/p>\t\t\t\t<\/div>\n\t\t\t\t\t<\/div>\n\t\t\t\t<\/div>\n\t\t\t\t\t<\/div>\n\t\t\t\t<\/div>\n\t\t<div class=\"elementor-element elementor-element-1098e048 e-flex e-con-boxed e-con e-child\" data-id=\"1098e048\" data-element_type=\"container\" data-settings=\"{&quot;background_background&quot;:&quot;classic&quot;}\">\n\t\t\t\t\t<div class=\"e-con-inner\">\n\t\t<div class=\"elementor-element elementor-element-64fe1e43 animated-slow e-con-full e-flex elementor-invisible e-con e-child\" data-id=\"64fe1e43\" data-element_type=\"container\" data-settings=\"{&quot;background_background&quot;:&quot;classic&quot;,&quot;animation&quot;:&quot;fadeIn&quot;}\">\n\t\t<div class=\"elementor-element elementor-element-290a5182 e-con-full e-flex e-con e-child\" data-id=\"290a5182\" data-element_type=\"container\">\n\t\t\t\t<div class=\"elementor-element elementor-element-1aa4e52b elementor-widget elementor-widget-heading\" data-id=\"1aa4e52b\" data-element_type=\"widget\" data-widget_type=\"heading.default\">\n\t\t\t\t\t<h2 class=\"elementor-heading-title elementor-size-default\">Contactez-nous<\/h2>\t\t\t\t<\/div>\n\t\t\t\t<div class=\"elementor-element elementor-element-3b7dacb elementor-button-align-stretch elementor-widget elementor-widget-form\" data-id=\"3b7dacb\" data-element_type=\"widget\" data-settings=\"{&quot;step_next_label&quot;:&quot;Suivant&quot;,&quot;step_previous_label&quot;:&quot;Pr\\u00e9c\\u00e9dent&quot;,&quot;button_width&quot;:&quot;100&quot;,&quot;step_type&quot;:&quot;number_text&quot;,&quot;step_icon_shape&quot;:&quot;circle&quot;}\" data-widget_type=\"form.default\">\n\t\t\t\t\t\t\t<form class=\"elementor-form\" method=\"post\" name=\"Formulaire de contact\" aria-label=\"Formulaire de contact\">\n\t\t\t<input type=\"hidden\" name=\"post_id\" value=\"23820\"\/>\n\t\t\t<input type=\"hidden\" name=\"form_id\" value=\"3b7dacb\"\/>\n\t\t\t<input type=\"hidden\" name=\"referer_title\" value=\"\u05e7\u05d1\u05d5\u05e6\u05ea \u05d8\u05e8\u05e1\u05d8\u05d5\u05df\" \/>\n\n\t\t\t\n\t\t\t<div class=\"elementor-form-fields-wrapper elementor-labels-above\">\n\t\t\t\t\t\t\t\t<div class=\"elementor-field-type-text elementor-field-group elementor-column elementor-field-group-name elementor-col-50\">\n\t\t\t\t\t\t\t\t\t\t\t\t<label for=\"form-field-name\" class=\"elementor-field-label\">\n\t\t\t\t\t\t\t\tNom\t\t\t\t\t\t\t<\/label>\n\t\t\t\t\t\t\t\t\t\t\t\t\t\t<input size=\"1\" type=\"text\" name=\"form_fields[name]\" id=\"form-field-name\" class=\"elementor-field elementor-size-sm  elementor-field-textual\" placeholder=\"Nom\">\n\t\t\t\t\t\t\t\t\t\t\t<\/div>\n\t\t\t\t\t\t\t\t<div class=\"elementor-field-type-text elementor-field-group elementor-column elementor-field-group-field_48a97a4 elementor-col-50\">\n\t\t\t\t\t\t\t\t\t\t\t\t<label for=\"form-field-field_48a97a4\" class=\"elementor-field-label\">\n\t\t\t\t\t\t\t\tNom de famille\t\t\t\t\t\t\t<\/label>\n\t\t\t\t\t\t\t\t\t\t\t\t\t\t<input size=\"1\" type=\"text\" name=\"form_fields[field_48a97a4]\" id=\"form-field-field_48a97a4\" class=\"elementor-field elementor-size-sm  elementor-field-textual\" placeholder=\"Nom de famille\">\n\t\t\t\t\t\t\t\t\t\t\t<\/div>\n\t\t\t\t\t\t\t\t<div class=\"elementor-field-type-tel elementor-field-group elementor-column elementor-field-group-email elementor-col-50 elementor-field-required\">\n\t\t\t\t\t\t\t\t\t\t\t\t<label for=\"form-field-email\" class=\"elementor-field-label\">\n\t\t\t\t\t\t\t\tNum\u00e9ro de t\u00e9l\u00e9phone\t\t\t\t\t\t\t<\/label>\n\t\t\t\t\t\t\t\t<input size=\"1\" type=\"tel\" name=\"form_fields[email]\" id=\"form-field-email\" class=\"elementor-field elementor-size-sm  elementor-field-textual\" placeholder=\"Num\u00e9ro de t\u00e9l\u00e9phone\" required=\"required\" pattern=\"[0-9()#&amp;+*-=.]+\" title=\"Seuls les caract\u00e8res de num\u00e9ros de t\u00e9l\u00e9phone (#, -, *, etc.) sont accept\u00e9s.\">\n\n\t\t\t\t\t\t<\/div>\n\t\t\t\t\t\t\t\t<div class=\"elementor-field-type-email elementor-field-group elementor-column elementor-field-group-field_6b27165 elementor-col-50 elementor-field-required\">\n\t\t\t\t\t\t\t\t\t\t\t\t<label for=\"form-field-field_6b27165\" class=\"elementor-field-label\">\n\t\t\t\t\t\t\t\tE-mail\t\t\t\t\t\t\t<\/label>\n\t\t\t\t\t\t\t\t\t\t\t\t\t\t<input size=\"1\" type=\"email\" name=\"form_fields[field_6b27165]\" id=\"form-field-field_6b27165\" class=\"elementor-field elementor-size-sm  elementor-field-textual\" placeholder=\"E-mail\" required=\"required\">\n\t\t\t\t\t\t\t\t\t\t\t<\/div>\n\t\t\t\t\t\t\t\t<div class=\"elementor-field-type-textarea elementor-field-group elementor-column elementor-field-group-message elementor-col-100\">\n\t\t\t\t\t\t\t\t\t\t\t\t<label for=\"form-field-message\" class=\"elementor-field-label\">\n\t\t\t\t\t\t\t\tMessage\t\t\t\t\t\t\t<\/label>\n\t\t\t\t\t\t<textarea class=\"elementor-field-textual elementor-field  elementor-size-sm\" name=\"form_fields[message]\" id=\"form-field-message\" rows=\"4\" placeholder=\"Message\"><\/textarea>\t\t\t\t<\/div>\n\t\t\t\t\t\t\t\t<div class=\"elementor-field-type-recaptcha elementor-field-group elementor-column elementor-field-group-field_c955e5e elementor-col-100\">\n\t\t\t\t\t<div class=\"elementor-field\" id=\"form-field-field_c955e5e\"><div class=\"elementor-g-recaptcha\" data-sitekey=\"6LcAbW0rAAAAANrQDJXhIMp-Gn5sCRYVOm1D2RJ6\" data-type=\"v2_checkbox\" data-theme=\"light\" data-size=\"normal\"><\/div><\/div>\t\t\t\t<\/div>\n\t\t\t\t\t\t\t\t<div class=\"elementor-field-group elementor-column elementor-field-type-submit elementor-col-100 e-form__buttons\">\n\t\t\t\t\t<button class=\"elementor-button elementor-size-sm\" type=\"submit\">\n\t\t\t\t\t\t<span class=\"elementor-button-content-wrapper\">\n\t\t\t\t\t\t\t\t\t\t\t\t\t\t\t\t\t\t\t\t\t\t<span class=\"elementor-button-text\">Envoi<\/span>\n\t\t\t\t\t\t\t\t\t\t\t\t\t<\/span>\n\t\t\t\t\t<\/button>\n\t\t\t\t<\/div>\n\t\t\t<\/div>\n\t\t<\/form>\n\t\t\t\t\t\t<\/div>\n\t\t\t\t<\/div>\n\t\t\t\t<\/div>\n\t\t\t\t\t<\/div>\n\t\t\t\t<\/div>\n\t\t\t\t<\/div>\n\t\t","protected":false},"excerpt":{"rendered":"<p>Carri\u00e8re Avez-vous un permis de courtage\u202f? Il est temps de rejoindre l\u2019agence qui fa\u00e7onne l\u2019avenir du monde immobilier. Chez Trustton Group, nous combinons des d\u00e9cennies d\u2019exp\u00e9rience en ventes et en haute technologie avec des technologies avanc\u00e9es d\u2019IA pour offrir un v\u00e9ritable avantage \u00e0 nos agents. Avec nous, vous b\u00e9n\u00e9ficierez de\u202f: * Un environnement de travail [&hellip;]<\/p>\n","protected":false},"author":1,"featured_media":0,"parent":0,"menu_order":0,"comment_status":"closed","ping_status":"closed","template":"template\/template-homepage.php","meta":{"footnotes":""},"class_list":["post-23820","page","type-page","status-publish","hentry"],"yoast_head":"<!-- This site is optimized with the Yoast SEO plugin v26.3 - https:\/\/yoast.com\/wordpress\/plugins\/seo\/ -->\n<title>Carri\u00e8re - \u05e7\u05d1\u05d5\u05e6\u05ea \u05d8\u05e8\u05e1\u05d8\u05d5\u05df<\/title>\n<meta name=\"robots\" content=\"index, follow, max-snippet:-1, max-image-preview:large, max-video-preview:-1\" \/>\n<link rel=\"canonical\" href=\"https:\/\/trustton.com\/fr\/carriere\/\" \/>\n<meta property=\"og:locale\" content=\"fr_FR\" \/>\n<meta property=\"og:type\" content=\"article\" \/>\n<meta property=\"og:title\" content=\"Carri\u00e8re - \u05e7\u05d1\u05d5\u05e6\u05ea \u05d8\u05e8\u05e1\u05d8\u05d5\u05df\" \/>\n<meta property=\"og:description\" content=\"Carri\u00e8re Avez-vous un permis de courtage\u202f? Il est temps de rejoindre l\u2019agence qui fa\u00e7onne l\u2019avenir du monde immobilier. Chez Trustton Group, nous combinons des d\u00e9cennies d\u2019exp\u00e9rience en ventes et en haute technologie avec des technologies avanc\u00e9es d\u2019IA pour offrir un v\u00e9ritable avantage \u00e0 nos agents. Avec nous, vous b\u00e9n\u00e9ficierez de\u202f: * Un environnement de travail [&hellip;]\" \/>\n<meta property=\"og:url\" content=\"https:\/\/trustton.com\/fr\/carriere\/\" \/>\n<meta property=\"og:site_name\" content=\"\u05e7\u05d1\u05d5\u05e6\u05ea \u05d8\u05e8\u05e1\u05d8\u05d5\u05df\" \/>\n<meta property=\"article:publisher\" content=\"https:\/\/www.facebook.com\/trusttongroup\/\" \/>\n<meta property=\"article:modified_time\" content=\"2025-09-04T14:59:29+00:00\" \/>\n<meta property=\"og:image\" content=\"https:\/\/trustton.com\/wp-content\/uploads\/2025\/08\/\u05dc\u05d5\u05d2\u05d5-\u05e2\u05d1\u05e8\u05d9\u05ea-\u05e9\u05e7\u05d5\u05e3-e1750353833901.png\" \/>\n\t<meta property=\"og:image:width\" content=\"1390\" \/>\n\t<meta property=\"og:image:height\" content=\"1990\" \/>\n\t<meta property=\"og:image:type\" content=\"image\/png\" \/>\n<meta name=\"twitter:card\" content=\"summary_large_image\" \/>\n<meta name=\"twitter:label1\" content=\"Dur\u00e9e de lecture estim\u00e9e\" \/>\n\t<meta name=\"twitter:data1\" content=\"1 minute\" \/>\n<script type=\"application\/ld+json\" class=\"yoast-schema-graph\">{\"@context\":\"https:\/\/schema.org\",\"@graph\":[{\"@type\":\"WebPage\",\"@id\":\"https:\/\/trustton.com\/fr\/carriere\/\",\"url\":\"https:\/\/trustton.com\/fr\/carriere\/\",\"name\":\"Carri\u00e8re - \u05e7\u05d1\u05d5\u05e6\u05ea \u05d8\u05e8\u05e1\u05d8\u05d5\u05df\",\"isPartOf\":{\"@id\":\"https:\/\/trustton.com\/fr\/#website\"},\"datePublished\":\"2025-08-08T06:13:32+00:00\",\"dateModified\":\"2025-09-04T14:59:29+00:00\",\"breadcrumb\":{\"@id\":\"https:\/\/trustton.com\/fr\/carriere\/#breadcrumb\"},\"inLanguage\":\"fr-FR\",\"potentialAction\":[{\"@type\":\"ReadAction\",\"target\":[\"https:\/\/trustton.com\/fr\/carriere\/\"]}]},{\"@type\":\"BreadcrumbList\",\"@id\":\"https:\/\/trustton.com\/fr\/carriere\/#breadcrumb\",\"itemListElement\":[{\"@type\":\"ListItem\",\"position\":1,\"name\":\"Home\",\"item\":\"https:\/\/trustton.com\/fr\/\"},{\"@type\":\"ListItem\",\"position\":2,\"name\":\"Carri\u00e8re\"}]},{\"@type\":\"WebSite\",\"@id\":\"https:\/\/trustton.com\/fr\/#website\",\"url\":\"https:\/\/trustton.com\/fr\/\",\"name\":\"\u05e7\u05d1\u05d5\u05e6\u05ea \u05d8\u05e8\u05e1\u05d8\u05d5\u05df\",\"description\":\"\u05db\u05e9\u05d4\u05d9\u05d9\u05d8\u05e7 \u05d5\u05e0\u05d3\u05dc&quot;\u05df \u05e0\u05e4\u05d2\u05e9\u05d9\u05dd\",\"publisher\":{\"@id\":\"https:\/\/trustton.com\/fr\/#organization\"},\"potentialAction\":[{\"@type\":\"SearchAction\",\"target\":{\"@type\":\"EntryPoint\",\"urlTemplate\":\"https:\/\/trustton.com\/fr\/?s={search_term_string}\"},\"query-input\":{\"@type\":\"PropertyValueSpecification\",\"valueRequired\":true,\"valueName\":\"search_term_string\"}}],\"inLanguage\":\"fr-FR\"},{\"@type\":\"Organization\",\"@id\":\"https:\/\/trustton.com\/fr\/#organization\",\"name\":\"\u05e7\u05d1\u05d5\u05e6\u05ea \u05d8\u05e8\u05e1\u05d8\u05d5\u05df\",\"url\":\"https:\/\/trustton.com\/fr\/\",\"logo\":{\"@type\":\"ImageObject\",\"inLanguage\":\"fr-FR\",\"@id\":\"https:\/\/trustton.com\/fr\/#\/schema\/logo\/image\/\",\"url\":\"https:\/\/trustton.com\/wp-content\/uploads\/2025\/08\/trustton-group-removebg-preview.png\",\"contentUrl\":\"https:\/\/trustton.com\/wp-content\/uploads\/2025\/08\/trustton-group-removebg-preview.png\",\"width\":577,\"height\":433,\"caption\":\"\u05e7\u05d1\u05d5\u05e6\u05ea \u05d8\u05e8\u05e1\u05d8\u05d5\u05df\"},\"image\":{\"@id\":\"https:\/\/trustton.com\/fr\/#\/schema\/logo\/image\/\"},\"sameAs\":[\"https:\/\/www.facebook.com\/trusttongroup\/\",\"https:\/\/www.instagram.com\/trusttongroup\"]}]}<\/script>\n<!-- \/ Yoast SEO plugin. -->","yoast_head_json":{"title":"Carri\u00e8re - \u05e7\u05d1\u05d5\u05e6\u05ea \u05d8\u05e8\u05e1\u05d8\u05d5\u05df","robots":{"index":"index","follow":"follow","max-snippet":"max-snippet:-1","max-image-preview":"max-image-preview:large","max-video-preview":"max-video-preview:-1"},"canonical":"https:\/\/trustton.com\/fr\/carriere\/","og_locale":"fr_FR","og_type":"article","og_title":"Carri\u00e8re - \u05e7\u05d1\u05d5\u05e6\u05ea \u05d8\u05e8\u05e1\u05d8\u05d5\u05df","og_description":"Carri\u00e8re Avez-vous un permis de courtage\u202f? Il est temps de rejoindre l\u2019agence qui fa\u00e7onne l\u2019avenir du monde immobilier. Chez Trustton Group, nous combinons des d\u00e9cennies d\u2019exp\u00e9rience en ventes et en haute technologie avec des technologies avanc\u00e9es d\u2019IA pour offrir un v\u00e9ritable avantage \u00e0 nos agents. Avec nous, vous b\u00e9n\u00e9ficierez de\u202f: * Un environnement de travail [&hellip;]","og_url":"https:\/\/trustton.com\/fr\/carriere\/","og_site_name":"\u05e7\u05d1\u05d5\u05e6\u05ea \u05d8\u05e8\u05e1\u05d8\u05d5\u05df","article_publisher":"https:\/\/www.facebook.com\/trusttongroup\/","article_modified_time":"2025-09-04T14:59:29+00:00","og_image":[{"width":1390,"height":1990,"url":"https:\/\/trustton.com\/wp-content\/uploads\/2025\/08\/\u05dc\u05d5\u05d2\u05d5-\u05e2\u05d1\u05e8\u05d9\u05ea-\u05e9\u05e7\u05d5\u05e3-e1750353833901.png","type":"image\/png"}],"twitter_card":"summary_large_image","twitter_misc":{"Dur\u00e9e de lecture estim\u00e9e":"1 minute"},"schema":{"@context":"https:\/\/schema.org","@graph":[{"@type":"WebPage","@id":"https:\/\/trustton.com\/fr\/carriere\/","url":"https:\/\/trustton.com\/fr\/carriere\/","name":"Carri\u00e8re - \u05e7\u05d1\u05d5\u05e6\u05ea \u05d8\u05e8\u05e1\u05d8\u05d5\u05df","isPartOf":{"@id":"https:\/\/trustton.com\/fr\/#website"},"datePublished":"2025-08-08T06:13:32+00:00","dateModified":"2025-09-04T14:59:29+00:00","breadcrumb":{"@id":"https:\/\/trustton.com\/fr\/carriere\/#breadcrumb"},"inLanguage":"fr-FR","potentialAction":[{"@type":"ReadAction","target":["https:\/\/trustton.com\/fr\/carriere\/"]}]},{"@type":"BreadcrumbList","@id":"https:\/\/trustton.com\/fr\/carriere\/#breadcrumb","itemListElement":[{"@type":"ListItem","position":1,"name":"Home","item":"https:\/\/trustton.com\/fr\/"},{"@type":"ListItem","position":2,"name":"Carri\u00e8re"}]},{"@type":"WebSite","@id":"https:\/\/trustton.com\/fr\/#website","url":"https:\/\/trustton.com\/fr\/","name":"\u05e7\u05d1\u05d5\u05e6\u05ea \u05d8\u05e8\u05e1\u05d8\u05d5\u05df","description":"\u05db\u05e9\u05d4\u05d9\u05d9\u05d8\u05e7 \u05d5\u05e0\u05d3\u05dc&quot;\u05df \u05e0\u05e4\u05d2\u05e9\u05d9\u05dd","publisher":{"@id":"https:\/\/trustton.com\/fr\/#organization"},"potentialAction":[{"@type":"SearchAction","target":{"@type":"EntryPoint","urlTemplate":"https:\/\/trustton.com\/fr\/?s={search_term_string}"},"query-input":{"@type":"PropertyValueSpecification","valueRequired":true,"valueName":"search_term_string"}}],"inLanguage":"fr-FR"},{"@type":"Organization","@id":"https:\/\/trustton.com\/fr\/#organization","name":"\u05e7\u05d1\u05d5\u05e6\u05ea \u05d8\u05e8\u05e1\u05d8\u05d5\u05df","url":"https:\/\/trustton.com\/fr\/","logo":{"@type":"ImageObject","inLanguage":"fr-FR","@id":"https:\/\/trustton.com\/fr\/#\/schema\/logo\/image\/","url":"https:\/\/trustton.com\/wp-content\/uploads\/2025\/08\/trustton-group-removebg-preview.png","contentUrl":"https:\/\/trustton.com\/wp-content\/uploads\/2025\/08\/trustton-group-removebg-preview.png","width":577,"height":433,"caption":"\u05e7\u05d1\u05d5\u05e6\u05ea \u05d8\u05e8\u05e1\u05d8\u05d5\u05df"},"image":{"@id":"https:\/\/trustton.com\/fr\/#\/schema\/logo\/image\/"},"sameAs":["https:\/\/www.facebook.com\/trusttongroup\/","https:\/\/www.instagram.com\/trusttongroup"]}]}},"_links":{"self":[{"href":"https:\/\/trustton.com\/fr\/wp-json\/wp\/v2\/pages\/23820","targetHints":{"allow":["GET"]}}],"collection":[{"href":"https:\/\/trustton.com\/fr\/wp-json\/wp\/v2\/pages"}],"about":[{"href":"https:\/\/trustton.com\/fr\/wp-json\/wp\/v2\/types\/page"}],"author":[{"embeddable":true,"href":"https:\/\/trustton.com\/fr\/wp-json\/wp\/v2\/users\/1"}],"replies":[{"embeddable":true,"href":"https:\/\/trustton.com\/fr\/wp-json\/wp\/v2\/comments?post=23820"}],"version-history":[{"count":0,"href":"https:\/\/trustton.com\/fr\/wp-json\/wp\/v2\/pages\/23820\/revisions"}],"wp:attachment":[{"href":"https:\/\/trustton.com\/fr\/wp-json\/wp\/v2\/media?parent=23820"}],"curies":[{"name":"wp","href":"https:\/\/api.w.org\/{rel}","templated":true}]}}